{"id":36464,"date":"2020-05-02T05:23:52","date_gmt":"2020-05-02T05:23:52","guid":{"rendered":"https:\/\/agrinews.tv\/agrinewscampus\/termos-e-condicoes\/"},"modified":"2025-05-12T15:55:36","modified_gmt":"2025-05-12T15:55:36","slug":"termos-e-condicoes","status":"publish","type":"page","link":"https:\/\/agrinewscampus.com\/pt-br\/termos-e-condicoes\/","title":{"rendered":"Termos e condi\u00e7\u00f5es"},"content":{"rendered":"\t\t<div data-elementor-type=\"wp-page\" data-elementor-id=\"36464\" class=\"elementor elementor-36464 elementor-8\" data-elementor-post-type=\"page\">\n\t\t\t\t\t\t<section class=\"elementor-section elementor-top-section elementor-element elementor-element-5d049b8 purchase-guide-area ptb-100 elementor-section-boxed elementor-section-height-default elementor-section-height-default\" data-id=\"5d049b8\" data-element_type=\"section\" data-e-type=\"section\">\n\t\t\t\t\t\t<div class=\"elementor-container elementor-column-gap-default\">\n\t\t\t\t\t<div class=\"elementor-column elementor-col-100 elementor-top-column elementor-element elementor-element-e821d68\" data-id=\"e821d68\" data-element_type=\"column\" data-e-type=\"column\">\n\t\t\t<div class=\"elementor-widget-wrap elementor-element-populated\">\n\t\t\t\t\t\t<section class=\"elementor-section elementor-inner-section elementor-element elementor-element-5f4e6bd elementor-section-boxed elementor-section-height-default elementor-section-height-default\" data-id=\"5f4e6bd\" data-element_type=\"section\" data-e-type=\"section\">\n\t\t\t\t\t\t<div class=\"elementor-container elementor-column-gap-default\">\n\t\t\t\t\t<div class=\"elementor-column elementor-col-100 elementor-inner-column elementor-element elementor-element-1245274 purchase-guide-content\" data-id=\"1245274\" data-element_type=\"column\" data-e-type=\"column\">\n\t\t\t<div class=\"elementor-widget-wrap elementor-element-populated\">\n\t\t\t\t\t\t<div class=\"elementor-element elementor-element-25ebf4d elementor-widget elementor-widget-text-editor\" data-id=\"25ebf4d\" data-element_type=\"widget\" data-e-type=\"widget\" data-widget_type=\"text-editor.default\">\n\t\t\t\t<div class=\"elementor-widget-container\">\n\t\t\t\t\t\t\t\t\t<h1>Termos e Condi\u00e7\u00f5es<\/h1><br><strong>\u00daltima atualiza\u00e7\u00e3o:<\/strong> 29 de abril de 2025<br><br>Bem-vindo ao <strong>agriNews Campus<\/strong>. Ao aceder e utilizar a nossa plataforma para comprar ou participar em cursos digitais, concorda em ficar vinculado aos seguintes Termos e Condi\u00e7\u00f5es. Por favor, leia-os com aten\u00e7\u00e3o.<br><h2>1. Identifica\u00e7\u00e3o<\/h2><br>Esta plataforma \u00e9 operada por:<br><ul>\r\n \t<li><strong>Para utilizadores na Europa (UE\/EEE):<\/strong> Grupo de Comunicaci\u00f3n agriNews S.L., CIF B65957300, CAMI RAL 495 2do 2da 08301, Matar\u00f3, Espanha. E-mail: <a href=\"mailto:info@grupoagrinews.com\">info@grupoagrinews.com<\/a><\/li>\r\n \t<li><strong>Para utilizadores fora da Europa (Am\u00e9rica e outras regi\u00f5es):<\/strong> Agrinews LLC, Tax ID 82-3157861, 145 SW 13TH ST APT.319 &#8211; Miami, FL 33130-4200, USA. E-mail: <a href=\"mailto:info@agrinews.es\">info@agrinews.es<\/a><\/li>\r\n<\/ul><br><h2>2. Finalidade da Plataforma<\/h2><br>agriNews Campus oferece cursos em linha e conte\u00fados de forma\u00e7\u00e3o em formato digital para aquisi\u00e7\u00e3o e acesso pelos utilizadores registados.<br><h2>3. Conta de utilizador<\/h2><br><ul>\r\n \t<li>Para aceder e adquirir cursos, \u00e9 necess\u00e1rio criar uma conta, fornecendo informa\u00e7\u00f5es precisas e actualizadas.<\/li>\r\n \t<li>O utilizador \u00e9 respons\u00e1vel por manter a confidencialidade das suas credenciais de acesso.<\/li>\r\n \t<li>O utilizador compromete-se a notificar-nos imediatamente em caso de acesso n\u00e3o autorizado \u00e0 sua conta.<\/li>\r\n<\/ul><br><h2>4. Compras e pagamentos<\/h2><br><ul>\r\n \t<li>Os pagamentos s\u00e3o processados de forma segura atrav\u00e9s da Stripe (Stripe Payments Europe Ltd para transac\u00e7\u00f5es em EUR; Stripe, Inc. para transac\u00e7\u00f5es em USD).<\/li>\r\n \t<li>Os pre\u00e7os s\u00e3o apresentados na moeda relevante, de acordo com a sua localiza\u00e7\u00e3o.<\/li>\r\n \t<li>Ap\u00f3s a confirma\u00e7\u00e3o do pagamento, o utilizador ter\u00e1 acesso ao(s) curso(s) adquirido(s) de acordo com as condi\u00e7\u00f5es definidas no momento da compra.<\/li>\r\n<\/ul><br><h2>5. Acesso e disponibilidade<\/h2><br><ul>\r\n \t<li>Os cursos est\u00e3o dispon\u00edveis online 24 horas por dia, 7 dias por semana, exceto se forem temporariamente suspensos para manuten\u00e7\u00e3o t\u00e9cnica ou actualiza\u00e7\u00f5es.<\/li>\r\n \t<li>Reservamo-nos o direito de modificar, atualizar ou eliminar o conte\u00fado dos cursos em qualquer altura, sem aviso pr\u00e9vio.<\/li>\r\n<\/ul><br><h2>6. Pol\u00edtica de reembolso<\/h2><br>Devido \u00e0 natureza digital dos nossos cursos, <strong>n\u00e3o s\u00e3o efectuados reembolsos<\/strong> ap\u00f3s o acesso ao material ter sido concedido, exceto quando exigido pela legisla\u00e7\u00e3o aplic\u00e1vel.<br><h2>7. Propriedade Intelectual<\/h2><br><ul>\r\n \t<li>Todo o conte\u00fado, incluindo v\u00eddeos, documentos, imagens e log\u00f3tipos, \u00e9 propriedade exclusiva da agriNews ou dos seus licenciadores.<\/li>\r\n \t<li>A reprodu\u00e7\u00e3o, distribui\u00e7\u00e3o ou utiliza\u00e7\u00e3o comercial n\u00e3o autorizada de tais conte\u00fados \u00e9 estritamente proibida.<\/li>\r\n<\/ul><br><h2>8. Conduta do utilizador<\/h2><br><ul>\r\n \t<li>O utilizador concorda em utilizar a plataforma de forma respeitosa e legal.<\/li>\r\n \t<li>O utilizador n\u00e3o deve participar em actividades que possam danificar, sobrecarregar ou afetar negativamente os nossos servi\u00e7os ou sistemas.<\/li>\r\n<\/ul><br><h2>9. Dados pessoais<\/h2><br>O processamento dos seus dados pessoais \u00e9 regido pela nossa <a href=\"https:\/\/agrinews.tv\/politica-de-privacidad\/\">Pol\u00edtica de Privacidade<\/a>.<br><h2>10. Altera\u00e7\u00f5es aos Termos e Condi\u00e7\u00f5es<\/h2><br>Reservamo-nos o direito de alterar os presentes Termos e Condi\u00e7\u00f5es em qualquer altura. As altera\u00e7\u00f5es entrar\u00e3o em vigor ap\u00f3s a sua publica\u00e7\u00e3o neste s\u00edtio Web. A sua utiliza\u00e7\u00e3o continuada da plataforma constitui a aceita\u00e7\u00e3o dos novos termos e condi\u00e7\u00f5es.<br><h2>11. Lei aplic\u00e1vel e jurisdi\u00e7\u00e3o<\/h2><br><ul>\r\n \t<li>Para os utilizadores residentes na Europa, estes Termos s\u00e3o regidos pela lei espanhola e qualquer lit\u00edgio ser\u00e1 resolvido pelos tribunais de Matar\u00f3, Espanha.<\/li>\r\n \t<li>Para os utilizadores residentes fora da Europa, estes Termos s\u00e3o regidos pelas leis do Estado da Florida, Estados Unidos, e quaisquer lit\u00edgios ser\u00e3o resolvidos pelos tribunais de Miami, Florida.<\/li>\r\n<\/ul><br><h2>12. Contacto<\/h2><br>Se tiver alguma quest\u00e3o relacionada com estes Termos e Condi\u00e7\u00f5es, pode contactar-nos:<br><ul>\r\n \t<li><strong>Europa:<\/strong> <a href=\"mailto:info@grupoagrinews.com\">info@grupoagrinews.com<\/a><\/li>\r\n \t<li><strong>Am\u00e9rica \/ Global:<\/strong> <a href=\"mailto:info@agrinews.es\">info@agrinews.es<\/a><\/li>\r\n<\/ul>\t\t\t\t\t\t\t\t<\/div>\n\t\t\t\t<\/div>\n\t\t\t\t\t<\/div>\n\t\t<\/div>\n\t\t\t\t\t<\/div>\n\t\t<\/section>\n\t\t\t\t\t<\/div>\n\t\t<\/div>\n\t\t\t\t\t<\/div>\n\t\t<\/section>\n\t\t\t\t<\/div>\n\t\t","protected":false},"excerpt":{"rendered":"<p>Termos e Condi\u00e7\u00f5es \u00daltima atualiza\u00e7\u00e3o: 29 de abril de 2025 Bem-vindo ao agriNews Campus. Ao aceder e utilizar a nossa plataforma para comprar ou participar em cursos digitais, concorda em ficar vinculado aos seguintes Termos e Condi\u00e7\u00f5es. Por favor, leia-os com aten\u00e7\u00e3o. 1. Identifica\u00e7\u00e3o Esta plataforma \u00e9 operada por: Para utilizadores na Europa (UE\/EEE): Grupo <\/p>\n","protected":false},"author":1,"featured_media":0,"parent":0,"menu_order":0,"comment_status":"closed","ping_status":"closed","template":"","meta":{"_acf_changed":false,"footnotes":""},"categories":[],"tags":[],"class_list":["post-36464","page","type-page","status-publish","hentry"],"acf":[],"_links":{"self":[{"href":"https:\/\/agrinewscampus.com\/pt-br\/wp-json\/wp\/v2\/pages\/36464","targetHints":{"allow":["GET"]}}],"collection":[{"href":"https:\/\/agrinewscampus.com\/pt-br\/wp-json\/wp\/v2\/pages"}],"about":[{"href":"https:\/\/agrinewscampus.com\/pt-br\/wp-json\/wp\/v2\/types\/page"}],"author":[{"embeddable":true,"href":"https:\/\/agrinewscampus.com\/pt-br\/wp-json\/wp\/v2\/users\/1"}],"replies":[{"embeddable":true,"href":"https:\/\/agrinewscampus.com\/pt-br\/wp-json\/wp\/v2\/comments?post=36464"}],"version-history":[{"count":1,"href":"https:\/\/agrinewscampus.com\/pt-br\/wp-json\/wp\/v2\/pages\/36464\/revisions"}],"predecessor-version":[{"id":36465,"href":"https:\/\/agrinewscampus.com\/pt-br\/wp-json\/wp\/v2\/pages\/36464\/revisions\/36465"}],"wp:attachment":[{"href":"https:\/\/agrinewscampus.com\/pt-br\/wp-json\/wp\/v2\/media?parent=36464"}],"wp:term":[{"taxonomy":"category","embeddable":true,"href":"https:\/\/agrinewscampus.com\/pt-br\/wp-json\/wp\/v2\/categories?post=36464"},{"taxonomy":"post_tag","embeddable":true,"href":"https:\/\/agrinewscampus.com\/pt-br\/wp-json\/wp\/v2\/tags?post=36464"}],"curies":[{"name":"wp","href":"https:\/\/api.w.org\/{rel}","templated":true}]}}